{"id":2,"date":"2024-07-17T17:33:57","date_gmt":"2024-07-17T17:33:57","guid":{"rendered":"https:\/\/classicshowcar.com\/?page_id=2"},"modified":"2024-07-25T00:29:20","modified_gmt":"2024-07-25T00:29:20","slug":"sample-page","status":"publish","type":"page","link":"https:\/\/classicshowcar.com\/","title":{"rendered":"Organisateur d&rsquo;\u00e9v\u00e9nement \/ Rencontre Automobile"},"content":{"rendered":"\n<p>Vous d\u00e9sirez organise une \u00e9v\u00e9nement \/ rencontre automobile, nous sommes disponible pour vous aidez. Avec plus de 9 ans d\u2019exp\u00e9rience ( plus de 150 rencontres et 20 \u00e9v\u00e9nement majeurs ) nous avons aqu\u00e9ris un tr\u00e8s bonne exp\u00e9riences dans le domaine<\/p>\n\n\n\n<blockquote class=\"wp-block-quote is-layout-flow wp-block-quote-is-layout-flow\">\n<p>de la petit rencontre de 40 voitures aux \u00e9v\u00e9nement de 450 voitures et des centaines de visiteur.<\/p>\n<\/blockquote>\n\n\n\n<p><\/p>\n\n\n\n<blockquote class=\"wp-block-quote is-layout-flow wp-block-quote-is-layout-flow\">\n<p>Que ce soit pour un compagnie ou une ville nous avons l&rsquo;expertise et l\u2019exp\u00e9rience.<\/p>\n<\/blockquote>\n\n\n\n<p>Communique avez nous pour en discuter.<\/p>\n","protected":false},"excerpt":{"rendered":"<p>Vous d\u00e9sirez organise une \u00e9v\u00e9nement \/ rencontre automobile, nous sommes disponible pour vous aidez. Avec plus de 9 ans d\u2019exp\u00e9rience ( plus de 150 rencontres et 20 \u00e9v\u00e9nement majeurs ) nous avons aqu\u00e9ris un tr\u00e8s bonne exp\u00e9riences dans le domaine &hellip; <a href=\"https:\/\/classicshowcar.com\/\">Continuer la lecture <span class=\"meta-nav\"> \u00bb<\/span><\/a><\/p>\n","protected":false},"author":1,"featured_media":0,"parent":0,"menu_order":0,"comment_status":"closed","ping_status":"open","template":"","meta":{"footnotes":""},"class_list":["post-2","page","type-page","status-publish","hentry"],"_links":{"self":[{"href":"https:\/\/classicshowcar.com\/index.php\/wp-json\/wp\/v2\/pages\/2","targetHints":{"allow":["GET"]}}],"collection":[{"href":"https:\/\/classicshowcar.com\/index.php\/wp-json\/wp\/v2\/pages"}],"about":[{"href":"https:\/\/classicshowcar.com\/index.php\/wp-json\/wp\/v2\/types\/page"}],"author":[{"embeddable":true,"href":"https:\/\/classicshowcar.com\/index.php\/wp-json\/wp\/v2\/users\/1"}],"replies":[{"embeddable":true,"href":"https:\/\/classicshowcar.com\/index.php\/wp-json\/wp\/v2\/comments?post=2"}],"version-history":[{"count":2,"href":"https:\/\/classicshowcar.com\/index.php\/wp-json\/wp\/v2\/pages\/2\/revisions"}],"predecessor-version":[{"id":39,"href":"https:\/\/classicshowcar.com\/index.php\/wp-json\/wp\/v2\/pages\/2\/revisions\/39"}],"wp:attachment":[{"href":"https:\/\/classicshowcar.com\/index.php\/wp-json\/wp\/v2\/media?parent=2"}],"curies":[{"name":"wp","href":"https:\/\/api.w.org\/{rel}","templated":true}]}}